{"id":1054,"date":"2018-11-21T12:06:50","date_gmt":"2018-11-21T10:06:50","guid":{"rendered":"https:\/\/ceccararad.ro\/ro\/?page_id=1054"},"modified":"2025-02-03T15:39:04","modified_gmt":"2025-02-03T13:39:04","slug":"taxe-si-cotizatii-2","status":"publish","type":"page","link":"https:\/\/ceccarbuzau.ro\/ro\/membri\/sunt-membru-ceccar\/taxe-si-cotizatii-2\/","title":{"rendered":"OB\u0162INERE VIZ\u0102"},"content":{"rendered":"<section   class=\"fw-main-row  auto  fw-section-position-back\"    >\n\t\t\t<div class=\"fw-container\" >\n\t\t<div class=\"fw-row\">\n\t<div id=\"column-69dfe4163b3d6\" class=\"fw-col-sm-12 tf-sh-4bf7de7076824fb4c351a6d1039d0743\" >\n\t<div class=\"fw-wrap-col-inner clearfix  \"   >\n\t\t\t\t<div class=\"fw-col-inner\">\n\t\t\t<div class=\"fw-text-box tf-sh-b4a496c23a94b122350f1c9e2210e50c \" >\n\t<div class=\"fw-text-inner\">\n\t\t<p><strong><span style=\"font-size: 12pt;\">Informa\u021bii ob\u021binere viz\u0103, taxe \u0219i cotiza\u021bii profesionale<br \/><\/span><\/strong><\/p>\n\t<\/div>\n<\/div><div class=\"fw-divider-space space-sm  clearfix\"  ><\/div><div class=\"tf-sh-435841a89aa1e8b5e1a52a967d0eb145 fw-tabs fw-tabs-minimal fw-tabs-top \" >\n\t<ul class=\"nav nav-tabs nav-justified\">\n\t\t\t\t\t<li class=\"active\">\n\t\t\t\t<a href=\"#tab-cont-435841a89aa1e8b5e1a52a967d0eb145-1\" data-toggle=\"tab\">\n\t\t\t\t\t\n\t\t\t\t\t\t\t\t\t\t<span>Rapoarte anuale de activitate<\/span>\n\t\t\t\t<\/a>\n\t\t\t<\/li>\n\t\t\t\t\t\t\t\t<li >\n\t\t\t\t<a href=\"#tab-cont-435841a89aa1e8b5e1a52a967d0eb145-2\" data-toggle=\"tab\">\n\t\t\t\t\t\n\t\t\t\t\t\t\t\t\t\t<span>Cotizatii profesionale anuale<\/span>\n\t\t\t\t<\/a>\n\t\t\t<\/li>\n\t\t\t\t\t\t\t\t<li >\n\t\t\t\t<a href=\"#tab-cont-435841a89aa1e8b5e1a52a967d0eb145-3\" data-toggle=\"tab\">\n\t\t\t\t\t\n\t\t\t\t\t\t\t\t\t\t<span>Declaratii necesare obtinerii vizei<\/span>\n\t\t\t\t<\/a>\n\t\t\t<\/li>\n\t\t\t\t\t\t\t\t<li >\n\t\t\t\t<a href=\"#tab-cont-435841a89aa1e8b5e1a52a967d0eb145-4\" data-toggle=\"tab\">\n\t\t\t\t\t\n\t\t\t\t\t\t\t\t\t\t<span>Reglement\u0103ri privind acordarea vizei \u015fi plata cotiza\u0163iilor profesionale<\/span>\n\t\t\t\t<\/a>\n\t\t\t<\/li>\n\t\t\t\t\t\t\t\t<li >\n\t\t\t\t<a href=\"#tab-cont-435841a89aa1e8b5e1a52a967d0eb145-5\" data-toggle=\"tab\">\n\t\t\t\t\t\n\t\t\t\t\t\t\t\t\t\t<span>Taxele de \u00eenscriere \u00een Tabloul Corpului <\/span>\n\t\t\t\t<\/a>\n\t\t\t<\/li>\n\t\t\t\t\t\t<\/ul>\n\n\t<div class=\"tab-content clearfix\">\n\t\t\t\t\t<div id=\"tab-cont-435841a89aa1e8b5e1a52a967d0eb145-1\"\n\t\t\t     class=\"tab-pane fade in active\">\n\t\t\t\t\n\t\t\t\t\t\t\t\t\t<p style=\"text-align: justify;\">Reg\u0103si\u021bi mai jos formularul <strong>Raport de activitate<\/strong> pentru anul 2024 \u015fi declara\u0163ia pentru anul 2025, cu men\u021biunea c\u0103 acesta se va completa electronic \u0219i <strong>se va depune exclusiv on-line \u00een platforma <a href=\"https:\/\/raport.ceccar.ro\">raport.ceccar.ro<\/a>, utiliz\u00e2nd acelea\u0219i date de logare comunicate \u00een anii anteriori. <\/strong>&nbsp;Raportul se consider\u0103 \u00eenc\u0103rcat dup\u0103 finalizarea tuturor pa\u0219ilor \u0219i emiterea confirm\u0103rii de \u00eenc\u0103rcare.<\/p><p style=\"text-align: justify;\">Cotiza\u021biile se genereaz\u0103 automat prin Nota de plat\u0103 din platforma, dup\u0103 \u00eenc\u0103rcarea raportului de activitate \u015fi a celorlalte documente solicitate la pasul 2,<\/p><p><strong><u>Cotiza\u021biile fixe \u0219i variabile se vor achita prin transfer bancar<\/u><\/strong><u>, <strong>\u00een baza Notei de plat\u0103 generate dup\u0103 \u00eenc\u0103rcarea raportului de activitate \u00een platform\u0103 \u00een func\u021bie de categoria profesional\u0103 declarat\u0103 de fiecare membru.<\/strong><\/u><\/p><p>Pentru o corect\u0103 eviden\u021b\u0103 \u00een contul de mebru a pl\u0103\u021bilor efectuate,&nbsp;este necesar s\u0103 completa\u021bi urm\u0103toarele detalii \u00een momentul efectu\u0103rii pl\u0103\u021bii:<\/p><ul><li>&nbsp;<strong>SERIA \u0219i NUM\u0102RUL Notei de plat\u0103<\/strong>, pe care le ve\u021bi reg\u0103si \u00een col\u021bul din st\u00e2nga sus al Notei de plat\u0103 \u0219i<\/li><\/ul><ul><li><strong>CODUL DE IDENTIFICARE PROFESIONAL\u0102&nbsp;(CIP)<\/strong>, pe care \u00eel reg\u0103si\u021bi \u00een partea de jos a Notei de plat\u0103.<\/li><\/ul><p style=\"text-align: justify;\">Men\u021bion\u0103m c\u0103 membrii care nu \u0219i-au depus Raportul de activitate pentru anii anteriori pe platforma raport.ceccar.ro, vor putea \u00eenc\u0103rca Raportul de activitate pentru anul 2024, doar dup\u0103 \u00eenc\u0103rcarea&nbsp; &nbsp;Raportului de activitate pentru anii anteriori.<\/p><p style=\"text-align: justify;\"><strong>Termenul limit\u0103 de transmitere a raportului de activitate este 28 februarie 2025.<\/strong><\/p><p style=\"text-align: justify;\"><strong>Administratorii\/Asocia\u0163ii<\/strong> din cadrul societ\u0103\u0163ilor autorizate trebuie s\u0103 depun\u0103 <strong>Raport de activitate<\/strong> at\u00e2t pe societate, c\u00e2t \u015fi ca persoan\u0103 fizic\u0103!<\/p><p><span style=\"font-family: tahoma, arial, helvetica, sans-serif; font-size: 12pt;\"><strong><a href=\"https:\/\/ceccarbuzau.ro\/ro\/wp-content\/uploads\/2025\/02\/Raport-Anual-de-activitate-PF-2025.pdf\" target=\"_blank\" rel=\"noopener\">Raport Anual de activitate PF 2025<\/a><\/strong><\/span><\/p><p><span style=\"font-family: tahoma, arial, helvetica, sans-serif; font-size: 12pt;\"><strong><a href=\"https:\/\/ceccarbuzau.ro\/ro\/wp-content\/uploads\/2025\/02\/Raport-Anual-de-activitate-SOC-2025.pdf\" target=\"_blank\" rel=\"noopener\">Raport Anual de activitate-SOC 2025<\/a><\/strong><\/span><\/p><p>&nbsp;<\/p><p><span style=\"font-size: 12pt; font-family: tahoma, arial, helvetica, sans-serif;\"><strong><a href=\"https:\/\/ceccarbuzau.ro\/ro\/wp-content\/uploads\/2020\/02\/Declaratie-cazier.pdf\" target=\"_blank\" rel=\"noopener\">Declaratie cazier<\/a><\/strong><\/span><\/p><p><span style=\"font-size: 12pt; font-family: tahoma, arial, helvetica, sans-serif;\"><strong><a href=\"https:\/\/ceccarbuzau.ro\/ro\/wp-content\/uploads\/2020\/02\/Declaratie-capacitate-de-exercitiu-deplina.pdf\" target=\"_blank\" rel=\"noopener\">Declaratie capacitate de exercitiu deplina<\/a><\/strong><\/span><\/p><p><span style=\"font-size: 12pt; font-family: tahoma, arial, helvetica, sans-serif;\"><strong><a href=\"https:\/\/ceccarbuzau.ro\/ro\/wp-content\/uploads\/2019\/11\/13-PF-DeclaratieAsigurareProfesionala.pdf\" target=\"_blank\" rel=\"noopener\">PF-DeclaratieAsigurareProfesionala<\/a><\/strong><\/span><\/p>\t\t\t\t\t\t\t<\/div>\n\t\t\t\t\t\t<div id=\"tab-cont-435841a89aa1e8b5e1a52a967d0eb145-2\"\n\t\t\t     class=\"tab-pane fade \">\n\t\t\t\t\n\t\t\t\t\t\t\t\t\t<p><strong><a href=\"https:\/\/ceccarbuzau.ro\/ro\/wp-content\/uploads\/2025\/02\/TAXE-SI-COTIZATII-2025.pdf\" target=\"_blank\" rel=\"noopener\">TAXE SI COTIZATII 2025 (click pentru descarcare)<\/a><\/strong><\/p><table width=\"0\"><tbody><tr><td colspan=\"5\" width=\"690\"><strong>Cotiza\u021bii profesionale valabile \u00een anul 2025<\/strong><\/td><\/tr><tr><td width=\"104\"><strong>Tip membru conform Raport de activitate<\/strong><\/p><p><strong>(pagina 5 din raport)<\/strong><\/td><td width=\"255\"><strong>Denumire<\/strong><\/td><td width=\"94\"><strong>Cotiza\u021bie fix\u0103 achitat\u0103 p\u00e2n\u0103 la 28.02.2025<\/strong><\/p><p>(Facilit\u0103\u021bi financiare)<\/td><td width=\"95\"><strong>Cotiza\u021bie fix\u0103 achitat\u0103 dup\u0103 28.02.2025<\/strong><\/td><td width=\"142\"><strong>OBS.<\/strong><\/td><\/tr><tr><td width=\"104\"><strong>EC <\/strong><\/td><td width=\"255\">Exper\u0163i contabili care exercit\u0103 profesia individual - <u>cu viz\u0103 \u0219i paraf\u0103<\/u><\/td><td width=\"94\">700<\/td><td width=\"95\">800<\/td><td rowspan=\"15\" width=\"142\"><strong><u>Facilit\u0103\u021bile financiare<\/u><\/strong> de referin\u021b\u0103 pentru cotiza\u021bia fix\u0103 se acord\u0103 sub condi\u021bia <strong>pl\u0103\u021bii integrale \u0219i \u00een termen a cotizatiei<\/strong>, a <u>efectu\u0103rii integrale a orelor de preg\u0103tire profesional\u0103<\/u> - pentru membrii activi - si depunerea Rapoartelor de activitate pe anul anterior, inclusiv a Declara\u021biei privind modul de exercitare a profesiei pe anul \u00een curs p\u00e2n\u0103 pe data de 28 februarie a fiec\u0103rui an.<\/p><p>&nbsp;<\/p><p>&nbsp;<\/p><p><strong>Neplata cotiza\u0163iei<\/strong> de c\u0103tre membrii Corpului p\u00e2n\u0103 la data de <strong><u>30 septembrie<\/u><\/strong> a anului in curs, atrage aplicarea unei <strong>penalit\u0103\u0163i<\/strong> de <strong>25%<\/strong> din cuantumul cotiza\u0163iei fixe datorate.<\/p><p>&nbsp;<\/p><p>&nbsp;<\/p><p>&nbsp;<\/p><p>&nbsp;<\/p><p>&nbsp;<\/p><p>&nbsp;<\/p><p><strong>Neplata cotiza\u0163iei<\/strong> de c\u0103tre membrii Corpului p\u00e2n\u0103 la data de <strong><u>30 septembrie<\/u><\/strong> a anului in curs, atrage aplicarea unei <strong>penalit\u0103\u0163i<\/strong> de <strong>25%<\/strong> din cuantumul cotiza\u0163iei fixe datorate.<\/td><\/tr><tr><td width=\"104\"><strong>ECNA <\/strong><\/td><td width=\"255\">Exper\u0163i contabili angaja\u0163i la societ\u0103\u0163i\/institu\u0163ii care nu sunt membre CECCAR sau cu timp par\u0163ial la societ\u0103\u0163i membre CECCAR - <u>f\u0103r\u0103 viz\u0103, f\u0103r\u0103 paraf\u0103 <\/u><\/td><td width=\"94\">500<\/td><td width=\"95\">600<\/td><\/tr><tr><td width=\"104\"><strong>ECDA <\/strong><\/td><td width=\"255\">Exper\u0163i contabili asocia\u0163i\/ac\u0163ionari\/administratori care exercit\u0103 profesia exclusiv prin societ\u0103\u0163i membre CECCAR - <u>cu viz\u0103, f\u0103r\u0103 paraf\u0103<\/u><\/td><td width=\"94\">500<\/td><td width=\"95\">600<\/td><\/tr><tr><td width=\"104\"><strong>ECDL <\/strong><\/td><td width=\"255\">Exper\u0163i contabili care exercit\u0103 profesia at\u00e2t individual c\u00e2t \u015fi prin societ\u0103\u0163i membre CECCAR- <u>cu viz\u0103 \u0219i paraf\u0103<\/u><\/td><td width=\"94\">600<\/td><td width=\"95\">800<\/td><\/tr><tr><td width=\"104\"><strong>ECSE <\/strong><\/td><td width=\"255\">Exper\u0163i contabili angaja\u0163i exclusiv, cu norm\u0103 \u00eentreag\u0103, la societ\u0103\u0163i membre CECCAR - <u>f\u0103r\u0103 viz\u0103, f\u0103r\u0103 paraf\u0103<\/u><\/td><td width=\"94\">400<\/td><td width=\"95\">500<\/td><\/tr><tr><td rowspan=\"2\" width=\"104\"><strong>SE \/ SC<\/strong><\/td><td width=\"255\">Societ\u0103\u021bi de expertiz\u0103 contabil\u0103 \/ contabilitate cu cifra de afaceri p\u00e2n\u0103 la 100.000 euro<\/td><td width=\"94\">700<\/td><td width=\"95\">700<\/td><\/tr><tr><td width=\"255\">Societ\u0103\u021bi de expertiz\u0103 contabil\u0103 \/ contabilitate cu cifra de afaceri peste 100.000 euro<\/td><td width=\"94\">800<\/td><td width=\"95\">800<\/td><\/tr><tr><td width=\"104\"><strong>MIE <\/strong><\/p><p><strong>&nbsp;<\/strong><\/td><td width=\"255\">Exper\u0163i contabili-membri inactivi (incompatibili cu profesia de expert contabil - <u>func\u021bionari publici<\/u>)<\/td><td width=\"94\">300<\/td><td width=\"95\">500<\/td><\/tr><tr><td width=\"104\"><strong>CASM <\/strong><\/td><td width=\"255\">Contabili autoriza\u0163i care exercit\u0103 profesia individual - <u>cu viz\u0103 \u0219i paraf\u0103<\/u><\/td><td width=\"94\">570<\/td><td width=\"95\">670<\/td><\/tr><tr><td width=\"104\"><strong>CASMA <\/strong><\/td><td width=\"255\">Contabili autoriza\u0163i angaja\u0163i la societ\u0103\u0163i\/institu\u0163ii care nu sunt membre CECCAR sau cu timp par\u0163ial la societ\u0103\u0163i membre CECCAR - <u>f\u0103r\u0103 viz\u0103, f\u0103r\u0103 paraf\u0103<\/u><\/td><td width=\"94\">300<\/td><td width=\"95\">400<\/td><\/tr><tr><td width=\"104\"><strong>CASMDA <\/strong><\/td><td width=\"255\">Contabili autoriza\u0163i asocia\u0163i\/ac\u0163ionari\/administratori care exercit\u0103 profesia exclusiv prin SC membre CECCAR- <u>cu viz\u0103, f\u0103r\u0103 paraf\u0103<\/u><\/td><td width=\"94\">300<\/td><td width=\"95\">400<\/td><\/tr><tr><td width=\"104\"><strong>CASMSC<\/strong><\/p><p><strong>&nbsp;<\/strong><\/td><td width=\"255\">Contabili autoriza\u0163i angaja\u0163i exclusiv, cu norm\u0103 \u00eentreag\u0103, la societ\u0103\u0163i membre CECCAR - <u>f\u0103r\u0103 viz\u0103, f\u0103r\u0103 paraf\u0103<\/u><\/td><td width=\"94\">250<\/td><td width=\"95\">350<\/td><\/tr><tr><td width=\"104\"><strong>MIC<\/strong><\/td><td width=\"255\">Contabili autoriza\u0163i - membri inactivi (incompatibili cu profesia de contabil autorizat - <u>func\u021bionari publici<\/u>)<\/td><td width=\"94\">300<\/td><td width=\"95\">500<\/td><\/tr><tr><td width=\"104\"><strong>ECO<\/strong><\/td><td width=\"255\"><strong>Membri de onoare* <\/strong><\/p><p><strong>(Membrii de onoare<\/strong> ai Corpului <strong>sunt scuti\u021bi<\/strong> de cotiza\u021bia fixa, <strong>doar dac\u0103 ace\u0219tia nu-\u0219i exercit\u0103 profesia individual sau prin intermediul unei societ\u0103\u021bi<\/strong> de expertiz\u0103\/societ\u0103\u021bi de contabilitate - cu viz\u0103 anual\u0103 de exercitare a profesiei)<\/td><td width=\"94\">700 (LP)<\/p><p>sau<\/p><p>500<\/p><p>(prin Soc.)<\/td><td width=\"95\">800 (LP)<\/p><p>sau<\/p><p>600<\/p><p>(prin Soc.)<\/td><\/tr><tr><td colspan=\"2\" width=\"359\"><strong>Cotiza\u021bia variabil\u0103<\/strong><strong> pentru exper\u021bi contabili, contabili autoriza\u021bi \u0219i societ\u0103\u021bi<\/strong><\/td><td width=\"94\"><strong>0.75 %<\/strong><\/p><p>(p\u00e2n\u0103 la 28.02.2025)<\/td><td width=\"95\"><strong>1.2 %<\/strong><\/p><p>(dup\u0103&nbsp; 28.02.2025)<\/td><\/tr><tr><td colspan=\"5\" width=\"690\">Conform Programului Na\u021bional de Dezvoltare Profesional\u0103 Continu\u0103, to\u021bi membrii CECCAR, indiferent de statut (activ, inactiv, deta\u0219at in str\u0103in\u0103tate, concediu cre\u0219tere copil etc.) trebuie s\u0103 efectueze anual orele de preg\u0103tire profesional\u0103 = 40 ore CPD.<\/p><p>Membrii exper\u021bi contabili \u0219i contabili autoriza\u021bi care achit\u0103 cotiza\u021bia fix\u0103 anual\u0103 beneficiaz\u0103 gratuit, doar pentru anul aferent cotiza\u021biei, de cursurile de preg\u0103tire profesional\u0103 continu\u0103.<\/p><p>Membrii care nu particip\u0103 la cursurile de formare profesional\u0103 continu\u0103 conform PNDPC, aferente anului \u00een curs, nu mai beneficiaz\u0103 de gratuitate.<\/p><p><strong><u>Tariful pentru efectuarea cursurilor restante este de 50 lei\/10 ore + TVA 19%<\/u><\/strong><\/td><\/tr><tr><td colspan=\"5\" width=\"690\">Solicit\u0103rile privind \u00eencadrarea la una dintre categoriile membrilor afla\u021bi \u00een <strong><em>concediu pentru<\/em><\/strong><em> <strong>cre\u0219terea copilului,<\/strong> <\/em>precum \u0219i a celor deta\u0219a\u021bi \u00een str\u0103in\u0103tate, pot fi \u00eenaintate spre aprobare, doar dac\u0103 membrii solicitan\u021bi sunt la zi cu depunerea raportului de activitate, plata cotiza\u021biilor profesionale \u0219i efectuarea orelor de preg\u0103tire profesional\u0103. Membrii afla\u021bi la aceast\u0103 categorie, vor achita o cotiza\u021bie anual\u0103 de <strong>150<\/strong> lei <strong>(p\u00e2n\u0103 la 28.02)<\/strong> sau <strong>250<\/strong> lei (dup\u0103 28.02). \u00cen cazul respingerii solicit\u0103rii de \u00eencadrare la aceast\u0103 categorie, cotiza\u021bia anual\u0103 se va recalcula conform statutului declarat.<\/p><p>Membrii <strong><em>angaja\u021bi\/deta\u0219a\u021bi \u00een afara Rom\u00e2niei<\/em><\/strong> vor beneficia de cotiza\u021bia redus\u0103, <strong>doar un an pentru<\/strong><\/p><p><strong>fiecare interval de timp de 5 ani<\/strong>.<\/td><\/tr><tr><td colspan=\"5\" width=\"690\"><strong>Toate pl\u0103\u021bile<\/strong> reprezent\u00e2nd cotiza\u021bii profesionale\/taxe de stagiu\/taxe de \u00eenscriere se vor efectua de membri <strong>exclusiv online<\/strong>, prin transfer bancar, \u00een contul <strong>RO64BTRLRONCRT0V2581560C<\/strong>, deschis la <strong>Banca Transilvania<\/strong> \u2013 <strong>sucursala Buz\u0103u<\/strong>, (beneficiar CECCAR Filiala Buzau,&nbsp; CUI: <strong>RO 7426179<\/strong>).<\/p><p><strong>\u00cen situa\u021bii excep\u021bionale<\/strong>, pentru efectuarea pl\u0103\u021bilor, membrii\/stagiarii CECCAR se pot prezenta la agen\u021biile teritoriale ale B\u0103ncii Transilvania, f\u0103r\u0103 a fi necesar\u0103 deschiderea unui cont bancar, ci doar <strong>solicitarea \u00eenrol\u0103rii \u00een sistem a datelor personale.<\/strong><\/p><p><strong>Pentru identificarea corect\u0103 a pl\u0103titorului<\/strong>, este <strong>obligatoriu de men\u021bionat<\/strong> la rubrica<strong> Explica\u021bii<\/strong>:<\/p><p>\u00b7&nbsp;&nbsp;&nbsp;&nbsp;&nbsp;&nbsp;&nbsp;&nbsp; <strong>SERIA \u0219i NUM\u0102RUL Notei de plat\u0103<\/strong>, pe care le ve\u021bi reg\u0103si \u00een col\u021bul din st\u00e2nga sus al Notei de plat\u0103 emisa dupa <strong>pasul 2<\/strong> din platforma de raportare +<\/p><p>\u25cf <strong>CODUL DE IDENTIFICARE PROFESIONAL\u0102 (CIP), pe care \u00eel reg\u0103si\u021bi \u00een partea din stanga jos a Notei de plat\u0103<\/strong> (username-ul) (exemplu: pentru persoane fizice: <strong>EC.0001<\/strong> sau <strong>CA.0001<\/strong>, pentru persoane juridice: <strong>SE.0001<\/strong> sau <strong>SC.0001<\/strong>);<\/p><p>\u25cf Tipul \u0219i suma pl\u0103\u021bii efectuate (exemplu: <strong>Cotiz F<\/strong>.=\u2026 lei, <strong>Cotiz. V<\/strong>.=\u2026lei, <strong>Taxa de stagiu<\/strong> etc.).<\/td><\/tr><\/tbody><\/table><p>&nbsp;<\/p>\t\t\t\t\t\t\t<\/div>\n\t\t\t\t\t\t<div id=\"tab-cont-435841a89aa1e8b5e1a52a967d0eb145-3\"\n\t\t\t     class=\"tab-pane fade \">\n\t\t\t\t\n\t\t\t\t\t\t\t\t\t<ul><li><strong><a href=\"https:\/\/ceccarbuzau.ro\/ro\/wp-content\/uploads\/2019\/11\/13-PF-DeclaratieAsigurareProfesionala.pdf\">Declaratie privind polita de asigurare<\/a><\/strong><\/li><li><strong><a href=\"https:\/\/ceccarbuzau.ro\/ro\/wp-content\/uploads\/2019\/03\/Declaratie-cazier.pdf\" target=\"_blank\" rel=\"noopener\">Declaratie cazier<\/a><\/strong><\/li><li><strong><a href=\"https:\/\/ceccarbuzau.ro\/ro\/wp-content\/uploads\/2019\/03\/Declaratie-capacitate-deplina.pdf\" target=\"_blank\" rel=\"noopener\">Declaratie de capacitate de exercitiu deplina<\/a><\/strong><\/li><li><strong><span style=\"font-family: tahoma, arial, helvetica, sans-serif; font-size: 12pt;\"><a href=\"https:\/\/ceccarbuzau.ro\/ro\/wp-content\/uploads\/2025\/02\/Raport-Anual-de-activitate-PF-2025.pdf\" target=\"_blank\" rel=\"noopener\">Raport Anual de activitate PF 2025<\/a><\/span><\/strong><\/li><li><strong><span style=\"font-family: tahoma, arial, helvetica, sans-serif; font-size: 12pt;\"><a href=\"https:\/\/ceccarbuzau.ro\/ro\/wp-content\/uploads\/2025\/02\/Raport-Anual-de-activitate-SOC-2025.pdf\" target=\"_blank\" rel=\"noopener\">Raport Anual de activitate-SOC 2025<\/a><\/span><\/strong><\/li><\/ul>\t\t\t\t\t\t\t<\/div>\n\t\t\t\t\t\t<div id=\"tab-cont-435841a89aa1e8b5e1a52a967d0eb145-4\"\n\t\t\t     class=\"tab-pane fade \">\n\t\t\t\t\n\t\t\t\t\t\t\t\t\t<ul><li><strong><a href=\"https:\/\/ceccarbuzau.ro\/ro\/wp-content\/uploads\/2024\/01\/Metodologia-de-acordare-a-vizei-anuale-pentru-exercitarea-profesiei-cu-modificari-aprobate-2024-.pdf\">_Metodologia-de-acordare-a-vizei-anuale-pentru-exercitarea-profesiei-cu-modificari-aprobate-2024-<\/a><\/strong><\/li><li><strong><a href=\"https:\/\/ceccarbuzau.ro\/ro\/wp-content\/uploads\/2025\/02\/Sistemul-de-cotizatii-al-CECCAR-cu-modif.-aprob-prin-HCN-nr-210-din-08.04.2024-aplicabil-cu-2025.pdf\">__Sistemul-de-cotizatii-al-CECCAR-cu-modif. aprob prin-HCN-nr-210-din-08.04.2024-aplicabil-cu-2025<\/a><\/strong><\/li><\/ul>\t\t\t\t\t\t\t<\/div>\n\t\t\t\t\t\t<div id=\"tab-cont-435841a89aa1e8b5e1a52a967d0eb145-5\"\n\t\t\t     class=\"tab-pane fade \">\n\t\t\t\t\n\t\t\t\t\t\t\t\t\t<ul><li style=\"text-align: justify;\">exper\u021bi contabili: 40 Euro<\/li><li style=\"text-align: justify;\">contabili autoriza\u021bi: 20 Euro<\/li><li style=\"text-align: justify;\">societ\u0103\u021bi expertiz\u0103 cu capital autohton: 150 Euro<\/li><li style=\"text-align: justify;\">societ\u0103\u021bi de contabilitate cu capital autohton: 125 Euro<\/li><li style=\"text-align: justify;\">societ\u0103\u021bi cu capital mixt: 400 Euro<\/li><li style=\"text-align: justify;\">societ\u0103\u021bi cu capital str\u0103in: 500 Euro<strong>I N F O R M A R E\u00a0 MODIFICARE TAX\u0102 DE RE\u00ceNSCRIERE \u00ceN TABLOUL CECCAR<\/strong><p>Prin Hot\u0103r\u00e2rea nr. 741 din data de 18.06.2023, Consiliul superior al CECCAR a stabilit c\u0103 \u201c<strong>pentru membrii radia\u021bi<\/strong> \u0219i pentru membrii care au solicitat \u00eencetarea de a mai face parte din Corp \u0219i doresc s\u0103 ob\u021bin\u0103 \u00eenscrierea \u00een Tabloul Corpului, dar nu mai t\u00e2rziu de 3 ani de la data renun\u0163\u0103rii la calitatea de expert contabil sau contabil autorizat ori a radierii din Tablou \u015fi c\u00e2nd sunt \u00eendeplinite condi\u0163iile necesare stabilite de Regulamentul de organizare \u015fi func\u0163ionare a Corpului, tariful de<strong>\u00a0\u00eenscriere este de 5000 de lei<\/strong>\u201d. Aceast\u0103 hot\u0103r\u00e2re va deveni aplicabil\u0103\u00a0<strong>\u00eencep\u00e2nd cu data de 01.08.2023.<\/strong><\/p><p><u>P\u00e2n\u0103 la data de 01.08.2023<\/u>\u00a0tariful pentru re\u00eenscriere este de 20 euro pentru contabilii autoriza\u021bi \u0219i de 40 de euro pentru exper\u021bii contabili (plus sumele restante acolo unde este cazul).<\/p><p>07.07.2023<\/li><\/ul>\t\t\t\t\t\t\t<\/div>\n\t\t\t\t<\/div>\n<\/div><div class=\"fw-divider-space space-sm  clearfix\"  ><\/div>\t\t<\/div>\n\t<\/div>\n<\/div><\/div>\n\n\t<\/div>\n\t<\/section>\n","protected":false},"excerpt":{"rendered":"<p>Informa\u021bii ob\u021binere viz\u0103, taxe \u0219i cotiza\u021bii profesionale Rapoarte anuale de activitate Cotizatii profesionale anuale Declaratii necesare obtinerii vizei Reglement\u0103ri privind acordarea vizei \u015fi plata cotiza\u0163iilor profesionale Taxele de \u00eenscriere \u00een Tabloul Corpului Reg\u0103si\u021bi mai jos formularul Raport de activitate pentru anul 2024 \u015fi declara\u0163ia pentru anul 2025, cu men\u021biunea c\u0103 acesta se va completa electronic [&hellip;]<\/p>\n","protected":false},"author":1,"featured_media":0,"parent":310,"menu_order":0,"comment_status":"closed","ping_status":"closed","template":"visual-builder-template.php","meta":{"footnotes":""},"class_list":["post-1054","page","type-page","status-publish","hentry"],"brizy_media":[],"_links":{"self":[{"href":"https:\/\/ceccarbuzau.ro\/ro\/wp-json\/wp\/v2\/pages\/1054","targetHints":{"allow":["GET"]}}],"collection":[{"href":"https:\/\/ceccarbuzau.ro\/ro\/wp-json\/wp\/v2\/pages"}],"about":[{"href":"https:\/\/ceccarbuzau.ro\/ro\/wp-json\/wp\/v2\/types\/page"}],"author":[{"embeddable":true,"href":"https:\/\/ceccarbuzau.ro\/ro\/wp-json\/wp\/v2\/users\/1"}],"replies":[{"embeddable":true,"href":"https:\/\/ceccarbuzau.ro\/ro\/wp-json\/wp\/v2\/comments?post=1054"}],"version-history":[{"count":49,"href":"https:\/\/ceccarbuzau.ro\/ro\/wp-json\/wp\/v2\/pages\/1054\/revisions"}],"predecessor-version":[{"id":10550,"href":"https:\/\/ceccarbuzau.ro\/ro\/wp-json\/wp\/v2\/pages\/1054\/revisions\/10550"}],"up":[{"embeddable":true,"href":"https:\/\/ceccarbuzau.ro\/ro\/wp-json\/wp\/v2\/pages\/310"}],"wp:attachment":[{"href":"https:\/\/ceccarbuzau.ro\/ro\/wp-json\/wp\/v2\/media?parent=1054"}],"curies":[{"name":"wp","href":"https:\/\/api.w.org\/{rel}","templated":true}]}}