{"id":288,"date":"2017-10-30T09:26:38","date_gmt":"2017-10-30T07:26:38","guid":{"rendered":"https:\/\/ceccararad.ro\/ro\/?page_id=288"},"modified":"2022-08-24T14:48:29","modified_gmt":"2022-08-24T12:48:29","slug":"cum-devin-membru-ceccar","status":"publish","type":"page","link":"https:\/\/ceccarbuzau.ro\/ro\/membri\/cum-devin-membru-ceccar\/","title":{"rendered":"Vreau s\u0103 devin membru CECCAR"},"content":{"rendered":"<section   class=\"fw-main-row  auto  fw-section-position-back\"    >\n\t\t\t<div class=\"fw-container\" >\n\t\t<div class=\"fw-row\">\n\t<div id=\"column-69dffd662882b\" class=\"fw-col-sm-12 tf-sh-2d6908ceb28c160426878497d8edb2f5\" >\n\t<div class=\"fw-wrap-col-inner clearfix  \"   >\n\t\t\t\t<div class=\"fw-col-inner\">\n\t\t\t<div class=\"fw-text-box tf-sh-d6814657c82f87ec9b13d2c144d6f523 \" >\n\t<div class=\"fw-text-inner\">\n\t\t<p><strong>Vreau s\u0103 devin membru CECCAR<\/strong><\/p>\n<p><a href=\"https:\/\/ceccar.ro\/ro\/wp-content\/uploads\/2011\/09\/regulament-acces.pdf\" target=\"_blank\" rel=\"noopener noreferrer\">Regulament privind accesul la profesia de expert contabil \u015fi de contabil autorizat<\/a><\/p>\n<ul>\n<li style=\"list-style-type: none;\">\n<ul>\n<li><a href=\"https:\/\/ceccar.ro\/ro\/?page_id=963\">Examenul de admitere la stagiu \u2013 sesiunea 30 septembrie \u0219i 01 octombrie 2022<\/a><\/li>\n<li><a href=\"https:\/\/ceccar.ro\/ro\/?page_id=26890\">Examenul de admitere la stagiu \u2013 sesiunea 25 \u2013 27 noiembrie 2022<\/a><\/li>\n<\/ul>\n<\/li>\n<\/ul>\n<ul>\n<li><strong>Programa<\/strong>\n<ul>\n<li><a href=\"https:\/\/ceccar.ro\/ro\/wp-content\/uploads\/2022\/08\/Programa-EC-examen-acces-sesiunea-septembrie-octombrie-2022.pdf\" target=\"_blank\" rel=\"noreferrer noopener\">Programa aferent\u0103 examenului de admitere la stagiu \u00een vederea ob\u0163inerii calit\u0103\u0163ii de expert contabil (sesiunea septembrie \u2013 octombrie 2022)<\/a>.<\/li>\n<li><a href=\"https:\/\/ceccar.ro\/ro\/wp-content\/uploads\/2022\/08\/Programa-CA-examen-acces-sesiunea-septembrie-octombrie-2022.pdf\" target=\"_blank\" rel=\"noreferrer noopener\">Programa aferent\u0103 examenului de admitere la stagiu \u00een vederea ob\u0163inerii calit\u0103\u0163ii de contabil autorizat (sesiunea septembrie \u2013 octombrie 2022)<\/a>.<\/li>\n<\/ul>\n<\/li>\n<li><strong>Efectuarea stagiului<\/strong>\n<ul>\n<li><a href=\"https:\/\/ceccar.ro\/ro\/?page_id=976\" target=\"_blank\" rel=\"noreferrer noopener\">Regulament privind efectuarea stagiului \u015fi examenul de aptitudini \u00een vederea accesului la calitatea de expert contabil \u015fi de contabil autorizat<\/a><\/li>\n<\/ul>\n<\/li>\n<li><strong>Echivalarea disciplinelor din cadrul programelor de masterat cu disciplinele examenului de acces la stagiu<\/strong>\n<ul>\n<li><a href=\"https:\/\/ceccar.ro\/ro\/?page_id=991\" target=\"_blank\" rel=\"noreferrer noopener\">Con\u021binutul dosarului depus de facult\u0103\u021bile de profil<\/a><\/li>\n<\/ul>\n<ul>\n<li><a href=\"https:\/\/ceccar.ro\/ro\/wp-content\/uploads\/2022\/03\/Evidenta-protocoale-master-actualizat-2022.pdf\" target=\"_blank\" rel=\"noreferrer noopener\">Institu\u021biile de \u00eenv\u0103\u021b\u0103m\u00e2nt superior care au \u00eencheiat cu CECCAR protocoale de colaborare<\/a><\/li>\n<li><a href=\"https:\/\/ceccar.ro\/ro\/?page_id=996\">Termenul de depunere \u0219i con\u021binutul dosarului de echivalare a disciplinelor programelor de masterat cu disciplinele examenului de admitere, categoria expert contabil<\/a><\/li>\n<\/ul>\n<\/li>\n<\/ul>\n<p>&nbsp;<\/p>\n\t<\/div>\n<\/div><div class=\"fw-divider-space space-sm  clearfix\"  ><\/div>\t\t<\/div>\n\t<\/div>\n<\/div><\/div>\n\n<div class=\"fw-row\">\n\t<div id=\"column-69dffd6629604\" class=\"fw-col-sm-4 tf-sh-bd971c0237e3594be43b5164fe4c59e7\" >\n\t<div class=\"fw-wrap-col-inner clearfix  \"   >\n\t\t\t\t<div class=\"fw-col-inner\">\n\t\t\t\t<a href=\"https:\/\/ceccarbuzau.ro\/ro\/membri\/cum-devin-membru-ceccar\/ex-de-acces-la-stagiu\/\" target=\"_self\" class=\"fw-btn tf-sh-0f64ed9930a653397a03dfd778b79fc1 fw-btn-full fw-btn-lg   fw-btn-1\"  style=\"\">\n\t\t<span >\n\t\t\tExamenul de acces la stagiu\t\t<\/span>\n\t<\/a>\n\t\t<\/div>\n\t<\/div>\n<\/div><div id=\"column-69dffd6629e3e\" class=\"fw-col-sm-4 tf-sh-fa75a468dcf3a7e2e398468327ea1950\" >\n\t<div class=\"fw-wrap-col-inner clearfix  \"   >\n\t\t\t\t<div class=\"fw-col-inner\">\n\t\t\t\t<a href=\"https:\/\/ceccarbuzau.ro\/ro\/membri\/cum-devin-membru-ceccar\/echivalarea-examenului-de-acces-la-stagiu\/\" target=\"_self\" class=\"fw-btn tf-sh-7f9ad38250def13d67f913415345eb96 fw-btn-full fw-btn-lg   fw-btn-1\"  style=\"\">\n\t\t<span >\n\t\t\tEchivalarea examenului de acces la stagiu\t\t<\/span>\n\t<\/a>\n\t\t<\/div>\n\t<\/div>\n<\/div><div id=\"column-69dffd662a808\" class=\"fw-col-sm-4 tf-sh-12cb43e8ba8f527bbfe00068781c6c1f\" >\n\t<div class=\"fw-wrap-col-inner clearfix  \"   >\n\t\t\t\t<div class=\"fw-col-inner\">\n\t\t\t\t<a href=\"https:\/\/ceccarbuzau.ro\/ro\/membri\/cum-devin-membru-ceccar\/efectuarea-stagiului\/\" target=\"_self\" class=\"fw-btn tf-sh-d8f178d9ae698b5fa8020abba9cf0970 fw-btn-full fw-btn-lg   fw-btn-1\"  style=\"\">\n\t\t<span >\n\t\t\tEfectuarea stagiului\t\t<\/span>\n\t<\/a>\n\t\t<\/div>\n\t<\/div>\n<\/div><\/div>\n\n<div class=\"fw-row\">\n\t<div id=\"column-69dffd662b214\" class=\"fw-col-sm-12 tf-sh-0734d9300121407bc254097d7acb5cca\" >\n\t<div class=\"fw-wrap-col-inner clearfix  \"   >\n\t\t\t\t<div class=\"fw-col-inner\">\n\t\t\t<div class=\"fw-divider-space space-sm  clearfix\"  ><\/div>\t\t<\/div>\n\t<\/div>\n<\/div><\/div>\n\n<div class=\"fw-row\">\n\t<div id=\"column-69dffd662ba69\" class=\"fw-col-sm-4 tf-sh-7d69d5843a790111031c684379d6f791\" >\n\t<div class=\"fw-wrap-col-inner clearfix  \"   >\n\t\t\t\t<div class=\"fw-col-inner\">\n\t\t\t\t<a href=\"https:\/\/ceccarbuzau.ro\/ro\/membri\/cum-devin-membru-ceccar\/examenul-de-aptitudini\/\" target=\"_self\" class=\"fw-btn tf-sh-028e7eb0c5117a0ef494c914317ac46a fw-btn-full fw-btn-lg   fw-btn-1\"  style=\"\">\n\t\t<span >\n\t\t\tExamenul de aptitudini\t\t<\/span>\n\t<\/a>\n\t\t<\/div>\n\t<\/div>\n<\/div><div id=\"column-69dffd662c20e\" class=\"fw-col-sm-4 tf-sh-60589f00311ae253cfe4cc3b3af19b51\" >\n\t<div class=\"fw-wrap-col-inner clearfix  \"   >\n\t\t\t\t<div class=\"fw-col-inner\">\n\t\t\t\t<a href=\"https:\/\/ceccarbuzau.ro\/ro\/membri\/cum-devin-membru-ceccar\/recunoasterea-calificarilor-profesionale\/\" target=\"_self\" class=\"fw-btn tf-sh-12c1d2ecaf5f639f2dcc67c8522fb1c4 fw-btn-full fw-btn-lg   fw-btn-1\"  style=\"\">\n\t\t<span >\n\t\t\tRecunoa\u015fterea calific\u0103rilor profesionale\t\t<\/span>\n\t<\/a>\n\t\t<\/div>\n\t<\/div>\n<\/div><div id=\"column-69dffd662c9b7\" class=\"fw-col-sm-4 tf-sh-60e2949ae0c5be956f0236f1aa6b5293\" >\n\t<div class=\"fw-wrap-col-inner clearfix  \"   >\n\t\t\t\t<div class=\"fw-col-inner\">\n\t\t\t\t<a href=\"https:\/\/ceccarbuzau.ro\/ro\/membri\/cum-devin-membru-ceccar\/formulare\/\" target=\"_self\" class=\"fw-btn tf-sh-9acba454151914d182f0105dc03cdfeb fw-btn-full fw-btn-lg   fw-btn-1\"  style=\"\">\n\t\t<span >\n\t\t\tFormulare\t\t<\/span>\n\t<\/a>\n\t\t<\/div>\n\t<\/div>\n<\/div><\/div>\n\n<div class=\"fw-row\">\n\t<div id=\"column-69dffd662d3ad\" class=\"fw-col-sm-12 tf-sh-0734d9300121407bc254097d7acb5cca\" >\n\t<div class=\"fw-wrap-col-inner clearfix  \"   >\n\t\t\t\t<div class=\"fw-col-inner\">\n\t\t\t<div class=\"fw-divider-space space-sm  clearfix\"  ><\/div>\t\t<\/div>\n\t<\/div>\n<\/div><\/div>\n\n<div class=\"fw-row\">\n\t<div id=\"column-69dffd662db2a\" class=\"fw-col-sm-4 tf-sh-ccb703862c7baf248a3309a8da9d8750\" >\n\t<div class=\"fw-wrap-col-inner clearfix  \"   >\n\t\t\t\t<div class=\"fw-col-inner\">\n\t\t\t\t<a href=\"https:\/\/ceccarbuzau.ro\/ro\/membri\/cum-devin-membru-ceccar\/taxe-si-cotizatii\/\" target=\"_self\" class=\"fw-btn tf-sh-43d3f3e92c657ce0ee23f4365d8ee17d fw-btn-full fw-btn-lg   fw-btn-1\"  style=\"\">\n\t\t<span >\n\t\t\tTaxe stagiu\t\t<\/span>\n\t<\/a>\n\t\t<\/div>\n\t<\/div>\n<\/div><\/div>\n\n<div class=\"fw-row\">\n\t<div id=\"column-69dffd662e498\" class=\"fw-col-sm-12 tf-sh-0734d9300121407bc254097d7acb5cca\" >\n\t<div class=\"fw-wrap-col-inner clearfix  \"   >\n\t\t\t\t<div class=\"fw-col-inner\">\n\t\t\t<div class=\"fw-divider-space space-md  clearfix\"  ><\/div>\t\t<\/div>\n\t<\/div>\n<\/div><\/div>\n\n\t<\/div>\n\t<\/section>\n","protected":false},"excerpt":{"rendered":"<p>Vreau s\u0103 devin membru CECCAR Regulament privind accesul la profesia de expert contabil \u015fi de contabil autorizat Examenul de admitere la stagiu \u2013 sesiunea 30 septembrie \u0219i 01 octombrie 2022 Examenul de admitere la stagiu \u2013 sesiunea 25 \u2013 27 noiembrie 2022 Programa Programa aferent\u0103 examenului de admitere la stagiu \u00een vederea ob\u0163inerii calit\u0103\u0163ii de [&hellip;]<\/p>\n","protected":false},"author":7,"featured_media":0,"parent":286,"menu_order":1,"comment_status":"closed","ping_status":"closed","template":"visual-builder-template.php","meta":{"footnotes":""},"class_list":["post-288","page","type-page","status-publish","hentry"],"brizy_media":[],"_links":{"self":[{"href":"https:\/\/ceccarbuzau.ro\/ro\/wp-json\/wp\/v2\/pages\/288","targetHints":{"allow":["GET"]}}],"collection":[{"href":"https:\/\/ceccarbuzau.ro\/ro\/wp-json\/wp\/v2\/pages"}],"about":[{"href":"https:\/\/ceccarbuzau.ro\/ro\/wp-json\/wp\/v2\/types\/page"}],"author":[{"embeddable":true,"href":"https:\/\/ceccarbuzau.ro\/ro\/wp-json\/wp\/v2\/users\/7"}],"replies":[{"embeddable":true,"href":"https:\/\/ceccarbuzau.ro\/ro\/wp-json\/wp\/v2\/comments?post=288"}],"version-history":[{"count":17,"href":"https:\/\/ceccarbuzau.ro\/ro\/wp-json\/wp\/v2\/pages\/288\/revisions"}],"predecessor-version":[{"id":7513,"href":"https:\/\/ceccarbuzau.ro\/ro\/wp-json\/wp\/v2\/pages\/288\/revisions\/7513"}],"up":[{"embeddable":true,"href":"https:\/\/ceccarbuzau.ro\/ro\/wp-json\/wp\/v2\/pages\/286"}],"wp:attachment":[{"href":"https:\/\/ceccarbuzau.ro\/ro\/wp-json\/wp\/v2\/media?parent=288"}],"curies":[{"name":"wp","href":"https:\/\/api.w.org\/{rel}","templated":true}]}}