{"id":294,"date":"2017-10-30T09:29:15","date_gmt":"2017-10-30T09:29:15","guid":{"rendered":"https:\/\/ceccararad.ro\/ro\/?page_id=294"},"modified":"2024-09-14T10:12:38","modified_gmt":"2024-09-14T08:12:38","slug":"echivalarea-examenului-de-acces-la-stagiu","status":"publish","type":"page","link":"https:\/\/ceccarbuzau.ro\/ro\/membri\/cum-devin-membru-ceccar\/echivalarea-examenului-de-acces-la-stagiu\/","title":{"rendered":"Echivalarea examenului de acces la stagiu"},"content":{"rendered":"<section   class=\"fw-main-row  auto  fw-section-position-back\"    >\n\t\t\t<div class=\"fw-container\" >\n\t\t<div class=\"fw-row\">\n\t<div id=\"column-69e4c68d62f27\" class=\"fw-col-sm-12 tf-sh-4bf7de7076824fb4c351a6d1039d0743\" >\n\t<div class=\"fw-wrap-col-inner clearfix  \"   >\n\t\t\t\t<div class=\"fw-col-inner\">\n\t\t\t<div class=\"fw-text-box tf-sh-877a63ccffaffc9f825a828be48b90b9 \" >\n\t<div class=\"fw-text-inner\">\n\t\t<h3><strong>Echivalarea disciplinelor programelor de masterat cu disciplinele examenului de admitere, categoria expert contabil \u2013 <a href=\"https:\/\/ceccar.ro\/ro\/?page_id=996\">Termen de depunere \u0219i con\u021binutul dosarului<\/a><\/strong><\/h3>\n<ul>\n<li style=\"list-style-type: none;\">\n<ul>\n<li><a href=\"https:\/\/ceccar.ro\/ro\/?page_id=991\">Con\u021binutul dosarului depus de facult\u0103\u021bile de profil<\/a><\/li>\n<li><a href=\"https:\/\/ceccar.ro\/ro\/wp-content\/uploads\/2022\/09\/Evidenta-protocoale-master-actualizat-2022.pdf\" target=\"_blank\" rel=\"noreferrer noopener\">Institu\u021biile de \u00eenv\u0103\u021b\u0103m\u00e2nt superior care au \u00eencheiat cu CECCAR protocoale de colaborare<\/a><\/li>\n<li><a href=\"https:\/\/ceccar.ro\/ro\/?page_id=996\"><strong>Echivalarea disciplinelor programelor de masterat cu disciplinele examenului de admitere, categoria expert contabil \u2013 Termen de depunere \u0219i con\u021binutul dosarului<\/strong><\/a><\/li>\n<li><i>Certificarea copiei pentru conformitate cu originalul pentru documentele prev\u0103zute pe site la lit. b) \u2013 d) \u00a0se realizeaz\u0103 de c\u0103tre personalul CECCAR. Candidatul va prezenta la depunerea dosarului aceste documente \u00een original sau copie legalizat\u0103, iar dup\u0103 certificarea copiei pentru conformitate cu originalul, originalul sau copia legalizat\u0103 se returneaz\u0103 titularului.<\/i><\/li>\n<\/ul>\n<\/li>\n<\/ul>\n<h4><span style=\"color: #000080;\"><strong>Termenul de depunere a dosarelor de echivalare:<\/strong><\/span><\/h4>\n<p><span style=\"color: #000000;\">\u00cen vederea \u00eenscrierii directe la stagiu, cu \u00eencepere de la\u00a0<strong>1 ianuarie 2025<\/strong>, absolven\u0163ii programelor de masterat, pentru care exist\u0103 acorduri de colaborare \u00eencheiate cu CECCAR, au posibilitatea depunerii dosarelor de echivalare p\u00e2n\u0103 la data de:<\/span><\/p>\n<ul>\n<li><strong><span style=\"color: #ff0000;\">19 august 2024<\/span>, <span style=\"color: #000000;\">\u00een cadrul filialelor CECCAR de domiciliu<\/span><\/strong><span style=\"color: #000000;\">, cu precizarea c\u0103 eventualele examene prev\u0103zute de protocoale de colaborare \u0219i\/sau reglement\u0103rile \u00een vigoare se vor putea sus\u021bine cu ocazia<\/span>\u00a0<span style=\"color: #0000ff;\"><strong>sesiunii 26-27 septembrie 2024<\/strong>;<\/span><\/li>\n<li><strong><span style=\"color: #ff0000;\">4 noiembrie 2024<\/span>,<\/strong> \u00een cadrul filialelor CECCAR de domiciliu, cu precizarea c\u0103 eventualele examene prev\u0103zute de protocoale de colaborare \u0219i\/sau reglement\u0103rile \u00een vigoare se vor putea sus\u021bine cu ocazia\u00a0<span style=\"color: #0000ff;\"><strong>sesiunii 28-29 noiembrie 2024<\/strong>.<\/span><\/li>\n<\/ul>\n<h5><span style=\"color: #000080;\"><strong>Modalitatea de transmitere a rezultatelor \u00een urma verific\u0103rii dosarelor de echivalare:<\/strong><\/span><\/h5>\n<p><span style=\"color: #000000;\">Dup\u0103 verificarea documentelor de echivalare, \u00een func\u021bie de perioada la care au depus dosarele de \u00eenscriere, absolven\u0163ii programelor de masterat vor fi \u00een\u015ftiin\u0163a\u0163i, prin intermediul filialelor de domiciliu, cu privire la aprobarea\/neaprobarea dosarului depus, precum \u015fi cu privire la disciplinele la care trebuie s\u0103 su\u0163in\u0103 examene cu ocazia examenului de admitere la stagiu care se va organiza \u00een\u00a0<strong>perioada 26-27 septembrie 2024<\/strong>.<\/span><\/p>\n<p><span style=\"color: #000000;\"><strong>\u00cen concluzie, vor putea beneficia de posibilitatea \u00eenscrierii directe la stagiu absolven\u0163ii programelor de masterat care \u00een urma verific\u0103rii dosarelor \u00eendeplinesc condi\u0163iile prev\u0103zute de reglement\u0103rile \u00een vigoare, precum \u015fi absolven\u0163ii programelor de masterat declara\u0163i admi\u015fi \u00een urma sus\u0163inerii examenului de admitere la stagiu la disciplinele la care nu au \u00eendeplinit condi\u021bia de not\u0103\/medie \u0219i \/sau la disciplinele prev\u0103zute \u00een protocoalele de colaborare \u00eencheiate \u00eentre CECCAR \u015fi facult\u0103\u0163ile de profil.<\/strong><\/span><\/p>\n<hr \/>\n<h4><span style=\"color: #000080;\"><strong><span lang=\"EN-US\">Aspecte privind taxa de analiza a dosarului de echivalare a examenului de admitere la stagiu<\/span><\/strong><\/span><\/h4>\n<p><span style=\"color: #000000;\">Av\u00e2nd \u00een vedere faptul c\u0103, potrivit reglement\u0103rilor \u00een vigoare, o parte a absolven\u021bilor programelor de masterat au de sus\u021binut examene cu ocazia examenelor de admitere la stagiu, dorim s\u0103 v\u0103 reamintim prevederile Hot\u0103r\u00e2rii Consiliului superior al CECCAR nr. 20\/584 din 28.09.2020:<\/span><\/p>\n<ol>\n<li><span style=\"color: #000000;\">Pentru absolven\u021bii programelor de masterat ale c\u0103ror dosare sunt respinse sau care au solicitat retragerea dosarului \u00een urma verific\u0103rii acestuia, <strong>taxa de analiz\u0103 a dosarului nu va fi restituit\u0103<\/strong>;<\/span><\/li>\n<li><span style=\"color: #000000;\">Absolven\u021bii programelor de masterat care din motive justificate (probleme medicale, situa\u021bii excep\u021bionale dovedite prin documente etc.) <strong>se retrag \u00eenainte de probele de examen \u0219i nu au participat la o form\u0103 de preg\u0103tire organizat\u0103 de CECCAR<\/strong>, pot beneficia la cerere, de compensarea a 75% din contravaloarea taxei de examen pentru urm\u0103toarele trei sesiuni. Neprezentarea la urm\u0103toarele trei sesiuni anuleaz\u0103 compensarea a 75% din contravaloarea taxei de examen;<\/span><\/li>\n<li><span style=\"color: #000000;\">Absolven\u021bii programelor de masterat care din motive justificate (probleme medicale, situa\u021bii excep\u021bionale dovedite prin documente etc.) <strong>nu s-au putut prezenta la probele de examen \u0219i nu au participat la o form\u0103 de preg\u0103tire organizat\u0103 de CECCAR<\/strong><em>, pot beneficia la cerere, de <\/em>compensarea a 75% din contravaloarea taxei de examen pentru urm\u0103toarele trei sesiuni. Neprezentarea la urm\u0103toarele trei sesiuni anuleaz\u0103 compensarea a 75% din contravaloarea taxei de examen;<\/span><\/li>\n<li><span style=\"color: #000000;\">Absolven\u021bii programelor de masterat care <strong>nu s-au prezentat la examen<\/strong>, nu vor beneficia de compensarea sau restituirea taxei achitate.<\/span><\/li>\n<\/ol>\n<p><span style=\"color: #000000;\">Totodat\u0103, prin <strong>Hot\u0103r\u00e2rea Consiliului superior al CECCAR nr. 20\/584 din 28.09.2020<\/strong> s-au aprobat urm\u0103toarele:<\/span><\/p>\n<ul>\n<li><span style=\"color: #000000;\">Absolven\u021bii programelor de masterat ale c\u0103ror dosare de echivalare a disciplinelor de masterat cu disciplinele examenului de admitere <strong>sunt respinse<\/strong>, dar doresc participarea la examenul de admitere la stagiu, beneficiaz\u0103 de <strong>\u00eenscrierea gratuit\u0103<\/strong> la examenul de admitere la stagiu, pentru urm\u0103toarele dou\u0103 sesiuni ale examenului de admitere la stagiu, respectiv sesiunea ordinar\u0103 \u0219i sesiunea extraordinar\u0103.<\/span><\/li>\n<\/ul>\n<hr \/>\n<h4><span style=\"color: #000080;\">Taxa de echivalare a examenului de admitere la stagiu<\/span><\/h4>\n<p>\u00cen temeiul, <strong>Hot\u0103r\u00e2rii Consiliului superior al CECCAR nr. 18\/437 din 10 februarie 2018<\/strong>, taxa de echivalare a examenului de admitere la stagiu, \u00een cuantum de <span style=\"color: #0000ff;\"><strong>175 Euro (c\/v \u00een lei la cursul BNR din ziua pl\u0103\u0163ii<\/strong><\/span>) reprezint\u0103 taxa de analiz\u0103 a dosarului \u015fi de acoperire a cheltuielilor necesare organiz\u0103rii examenului de admitere, pentru eventualele discipline neacoperite. Prin urmare, taxa de echivalare nu va fi restituit\u0103 \u00een situa\u0163ia respingerii dosarului de echivalare, a solicit\u0103rii de retragere a dosarului de echivalare sau \u00een situa\u0163ia \u00een care candida\u0163ii au fost declara\u0163i respin\u015fi sau nu s-au prezentat la examenul de admitere la stagiu.<\/p>\n<p>Absolven\u021bii programelor de masterat ale c\u0103ror dosare de echivalare a disciplinelor de masterat cu disciplinele examenului de admitere sunt respinse, dar doresc participarea la examenul de admitere la stagiu, beneficiaz\u0103 de \u00eenscrierea gratuit\u0103 la examenul de admitere la stagiu, pentru urm\u0103toarele dou\u0103 sesiuni ale examenului de admitere la stagiu, respectiv sesiunea ordinar\u0103 sau sesiunea extraordinar\u0103.<\/p>\n<hr \/>\n<h4><span style=\"color: #000080;\"><strong>VERIFICAREA DOSARELOR<\/strong><\/span><\/h4>\n<p>Odat\u0103 cu verificarea situa\u0163iilor \u015fcolare depuse de absolven\u0163ii programelor de masterat se vor avea \u00een urm\u0103toarele:<\/p>\n<p>1) \u00cen situa\u0163ia \u00een care pentru o disciplin\u0103 aferent\u0103 examenului de admitere la stagiu a fost echivalat\u0103 doar o disciplin\u0103 din planul de \u00eenv\u0103\u0163\u0103m\u00e2nt al programului de master se vor respecta urm\u0103toarele criterii de verificare:<\/p>\n<ul>\n<li>nota de promovare pentru fiecare disciplin\u0103 echivalat\u0103 din cadrul programului de master cu disciplina aferent\u0103 examenului de admitere la stagiu s\u0103 fie minim 6 iar media general\u0103 minim 7;<\/li>\n<li>\u00cen situa\u021bia \u00een care sunt\u00a0<strong>maxim dou\u0103 discipline<\/strong>\u00a0care nu au \u00eendeplinit condi\u021bia de not\u0103 6 se vor sus\u021bine examene la disciplinele aferente;<\/li>\n<\/ul>\n<p>2) \u00cen situa\u0163ia \u00een care pentru o disciplin\u0103 aferent\u0103 examenului de admitere la stagiu au fost echivalate mai multe discipline din planul de \u00eenv\u0103\u0163\u0103m\u00e2nt al programului de master se vor respecta urm\u0103toarele criterii de verificare:<\/p>\n<ul>\n<li>media grupului de discipline echivalate pentru o singur\u0103 disciplin\u0103 aferent\u0103 examenului de admitere la stagiu trebuie s\u0103 fie minim 6;<\/li>\n<li>dac\u0103 \u00een cadrul grupului de discipline se reg\u0103sesc note de 5 \u00eens\u0103 media materiilor echivalate pentru o singur\u0103 disciplin\u0103 de examen este de 6, condi\u0163ia se consider\u0103 \u00eendeplinit\u0103 \u015fi nu este cazul respingerii dosarului sau sus\u0163inerii unor examene de diferen\u0163\u0103.<\/li>\n<li>dac\u0103 \u00een cadrul grupului de discipline se reg\u0103sesc note de 5 \u015fi media materiilor echivalate pentru o singur\u0103 disciplin\u0103 de examen nu este minim 6, condi\u0163ia se consider\u0103 ne\u00eendeplinit\u0103.<\/li>\n<\/ul>\n<h4><\/h4>\n<hr \/>\n<h4><span style=\"color: #000080;\"><strong>Precizari privind depunerea dosarelor de echivalare a examenului de admitere la stagiu 2023<\/strong><\/span><\/h4>\n<p>Dorim s\u0103 v\u0103 facem cunoscut faptul c\u0103 absolven\u021bii programelor de masterat care doresc s\u0103 depun\u0103 dosarul de echivalare a disciplinelor examenului de admitere la stagiu cu disciplinele programului de master vor avea posibilitatea s\u0103 depun\u0103 dosarele \u00een cadrul filialelor CECCAR p\u00e2n\u0103 la data de <span style=\"background-color: #ffff00;\"><strong>13 octombrie 2023. <\/strong><\/span><\/p>\n<p>Acest termen este valabil, \u00een special, pentru absolven\u021bii programelor de masterat care au examene de sus\u021binut \u00een baza protocoalelor de colaborare sau \u00een urma verific\u0103rii dosarului, examene pe care vor avea posibilitatea s\u0103 le sus\u021bin\u0103 cu ocazia sesiunii examenului de admitere la stagiu din zilele de 10 \u2013 11 noiembrie 2023.<\/p>\n<p>Dup\u0103 cum v\u0103 este cunoscut, \u00een baza protocoalelor \u00eencheiate, absolven\u021bii programelor de masterat au posibilitatea s\u0103 solicite echivalarea examenului de admitere la stagiu \u00een termen de trei ani de la absolvire sau \u00eentr-un termen de maxim cinci ani, cu aprobarea Consiliului Superior al CECCAR.<\/p>\n<p>Prin urmare, prin termenele orientative stabilite, dorim s\u0103 mobiliz\u0103m absolven\u021bii programelor de masterat s\u0103 depun\u0103 dosarele de echivalare astfel \u00eenc\u00e2t s\u0103 fie analizate \u00een timp util pentru sus\u021binerea eventualelor examene, precum \u0219i pentru \u00eenscrierea la stagiu \u00eencep\u00e2nd cu 01 ianuarie 2024.<\/p>\n\t<\/div>\n<\/div><div class=\"fw-divider-space space-sm  clearfix\"  ><\/div><div class=\"fw-divider-space space-sm  clearfix\"  ><\/div>\t\t<\/div>\n\t<\/div>\n<\/div><\/div>\n\n\t<\/div>\n\t<\/section>\n","protected":false},"excerpt":{"rendered":"<p>Echivalarea disciplinelor programelor de masterat cu disciplinele examenului de admitere, categoria expert contabil \u2013 Termen de depunere \u0219i con\u021binutul dosarului Con\u021binutul dosarului depus de facult\u0103\u021bile de profil Institu\u021biile de \u00eenv\u0103\u021b\u0103m\u00e2nt superior care au \u00eencheiat cu CECCAR protocoale de colaborare Echivalarea disciplinelor programelor de masterat cu disciplinele examenului de admitere, categoria expert contabil \u2013 Termen de [&hellip;]<\/p>\n","protected":false},"author":1,"featured_media":0,"parent":288,"menu_order":0,"comment_status":"closed","ping_status":"closed","template":"visual-builder-template.php","meta":{"footnotes":""},"class_list":["post-294","page","type-page","status-publish","hentry"],"brizy_media":[],"_links":{"self":[{"href":"https:\/\/ceccarbuzau.ro\/ro\/wp-json\/wp\/v2\/pages\/294","targetHints":{"allow":["GET"]}}],"collection":[{"href":"https:\/\/ceccarbuzau.ro\/ro\/wp-json\/wp\/v2\/pages"}],"about":[{"href":"https:\/\/ceccarbuzau.ro\/ro\/wp-json\/wp\/v2\/types\/page"}],"author":[{"embeddable":true,"href":"https:\/\/ceccarbuzau.ro\/ro\/wp-json\/wp\/v2\/users\/1"}],"replies":[{"embeddable":true,"href":"https:\/\/ceccarbuzau.ro\/ro\/wp-json\/wp\/v2\/comments?post=294"}],"version-history":[{"count":42,"href":"https:\/\/ceccarbuzau.ro\/ro\/wp-json\/wp\/v2\/pages\/294\/revisions"}],"predecessor-version":[{"id":10180,"href":"https:\/\/ceccarbuzau.ro\/ro\/wp-json\/wp\/v2\/pages\/294\/revisions\/10180"}],"up":[{"embeddable":true,"href":"https:\/\/ceccarbuzau.ro\/ro\/wp-json\/wp\/v2\/pages\/288"}],"wp:attachment":[{"href":"https:\/\/ceccarbuzau.ro\/ro\/wp-json\/wp\/v2\/media?parent=294"}],"curies":[{"name":"wp","href":"https:\/\/api.w.org\/{rel}","templated":true}]}}