{"id":314,"date":"2017-10-30T09:37:18","date_gmt":"2017-10-30T09:37:18","guid":{"rendered":"https:\/\/ceccararad.ro\/ro\/?page_id=314"},"modified":"2019-11-14T09:43:05","modified_gmt":"2019-11-14T07:43:05","slug":"dezvoltare-profesionala","status":"publish","type":"page","link":"https:\/\/ceccarbuzau.ro\/ro\/membri\/sunt-membru-ceccar\/dezvoltare-profesionala\/","title":{"rendered":"Dezvoltare profesional\u0103"},"content":{"rendered":"<section   class=\"fw-main-row  auto  fw-section-position-back\"    >\n\t\t\t<div class=\"fw-container\" >\n\t\t<div class=\"fw-row\">\n\t<div id=\"column-69dfdfc532e0b\" class=\"fw-col-sm-12 tf-sh-4bf7de7076824fb4c351a6d1039d0743\" >\n\t<div class=\"fw-wrap-col-inner clearfix  \"   >\n\t\t\t\t<div class=\"fw-col-inner\">\n\t\t\t<div class=\"fw-text-box tf-sh-b4a496c23a94b122350f1c9e2210e50c \" >\n\t<div class=\"fw-text-inner\">\n\t\t<p><strong><span style=\"font-size: 12pt;\">Dezvoltare profesionala<br \/><\/span><\/strong><\/p>\n\t<\/div>\n<\/div><div class=\"fw-divider-space space-sm  clearfix\"  ><\/div><div class=\"tf-sh-435841a89aa1e8b5e1a52a967d0eb145 fw-tabs fw-tabs-minimal fw-tabs-top \" >\n\t<ul class=\"nav nav-tabs nav-justified\">\n\t\t\t\t\t<li class=\"active\">\n\t\t\t\t<a href=\"#tab-cont-435841a89aa1e8b5e1a52a967d0eb145-1\" data-toggle=\"tab\">\n\t\t\t\t\t\n\t\t\t\t\t\t\t\t\t\t<span>Informa\u0163ii utile<\/span>\n\t\t\t\t<\/a>\n\t\t\t<\/li>\n\t\t\t\t\t\t\t\t<li >\n\t\t\t\t<a href=\"#tab-cont-435841a89aa1e8b5e1a52a967d0eb145-2\" data-toggle=\"tab\">\n\t\t\t\t\t\n\t\t\t\t\t\t\t\t\t\t<span>Programul Na\u0163ional de Dezvoltare Profesional\u0103 Continu\u0103<\/span>\n\t\t\t\t<\/a>\n\t\t\t<\/li>\n\t\t\t\t\t\t\t\t<li >\n\t\t\t\t<a href=\"#tab-cont-435841a89aa1e8b5e1a52a967d0eb145-3\" data-toggle=\"tab\">\n\t\t\t\t\t\n\t\t\t\t\t\t\t\t\t\t<span>Calendar cursuri, seminarii, \u00eentruniri profesionale<\/span>\n\t\t\t\t<\/a>\n\t\t\t<\/li>\n\t\t\t\t\t\t\t\t<li >\n\t\t\t\t<a href=\"#tab-cont-435841a89aa1e8b5e1a52a967d0eb145-4\" data-toggle=\"tab\">\n\t\t\t\t\t\n\t\t\t\t\t\t\t\t\t\t<span>Echivalare ore preg\u0103tire profesional\u0103<\/span>\n\t\t\t\t<\/a>\n\t\t\t<\/li>\n\t\t\t\t\t\t<\/ul>\n\n\t<div class=\"tab-content clearfix\">\n\t\t\t\t\t<div id=\"tab-cont-435841a89aa1e8b5e1a52a967d0eb145-1\"\n\t\t\t     class=\"tab-pane fade in active\">\n\t\t\t\t\n\t\t\t\t\t\t\t\t\t<p style=\"text-align: justify;\">Potrivit Metodologiei de acordare a vizei anuale pentru exercitarea profesiei, forma actualizat\u0103 cu modific\u0103rile aprobate de plenul Conferin\u0163ei Na\u0163ionale din 30 martie 2019, art.3 lit g) <em>\u201dViza anual\u0103 pentru exercitarea profesiei de c\u0103tre exper\u021bii contabili \u015fi contabilii autoriza\u0163i se acord\u0103 dac\u0103 au fost \u00eendeplinite cumulativ urm\u0103toarele condi\u021bii: (\u2026) g) parcurgerea programului de formare profesional\u0103 continu\u0103 organizat de CECCAR, conform PNDPC.\u201d<\/em><\/p><p style=\"text-align: justify;\">Potrivit art. 1 pct. A.1 din Sistemul de cotiza\u0163ii \u00een cadrul CECCAR forma actualizat\u0103 cu modific\u0103rile aprobate de plenul Conferin\u0163ei Na\u0163ionale din 30 martie 2019, <em>\u201c\u00een baza cotiza\u0163iei anuale achitate, membrii beneficiaz\u0103 gratuit <strong>doar pentru anul aferent cotiza\u021biei<\/strong>, de cursurile de formare profesional\u0103 continu\u0103\u201d.<\/em><\/p><p style=\"text-align: justify;\">Astfel, membrii care nu particip\u0103 la cursurile de formare profesional\u0103 continu\u0103 conform PNDPC, aferente anului \u00een curs, nu mai beneficiaz\u0103 de gratuitate.<\/p>\t\t\t\t\t\t\t<\/div>\n\t\t\t\t\t\t<div id=\"tab-cont-435841a89aa1e8b5e1a52a967d0eb145-2\"\n\t\t\t     class=\"tab-pane fade \">\n\t\t\t\t\n\t\t\t\t\t\t\t\t\t<table style=\"width: 100%;\" border=\"0\"><tbody><tr><td align=\"left\" valign=\"top\"><p style=\"text-align: justify;\"><strong>Programul Na\u0163ional de Dezvoltare Profesional\u0103 Continu\u0103, edi\u0163ia a IV-a, revizuit\u0103<\/strong><\/p><p style=\"text-align: justify;\">CECCAR organizeaz\u0103 diferite forme de educa\u0163ie pentru profesioni\u015ftii contabili prin intermediul <a href=\"http:\/\/ceccar.ro\/ro\/wp-content\/uploads\/2015\/11\/PNDPC-ed-IV-2015.pdf\" target=\"_blank\" rel=\"noopener\">Programului Na\u0163ional de Dezvoltare Profesionala Continu\u0103<\/a> la nivelul celor 42 de filiale teritoriale ale Corpului.<\/p><p style=\"text-align: justify;\">Conform Standardului profesional nr. 38 emis de CECCAR, \u00een vederea men\u0163inerii unui grad ridicat de preg\u0103tire \u015fi competen\u0163\u0103 \u00een activitate, to\u0163i profesioni\u015ftii contabili sunt obliga\u0163i s\u0103 efectueze orele de preg\u0103tire profesional\u0103 necesare ob\u0163inerii\u00a0 vizei anuale la disciplinele prev\u0103zute \u00een cadrul Programului Na\u0163ional de Dezvoltare Profesional\u0103 Continu\u0103.<\/p><p style=\"text-align: justify;\">Profesioni\u015ftii contabili membrii CECCAR sunt obliga\u0163i, la acordarea vizei anuale, s\u0103 completeze o declara\u0163ie pe propria r\u0103spundere \u00een ce prive\u015fte respectarea normelor de deontologie profesional\u0103 \u015fi frecventarea cursurilor de preg\u0103tire profesional\u0103 organizate de filial\u0103 sau institu\u0163iile, respectiv organismele profesionale recunoscute de CECCAR.<\/p><p style=\"text-align: justify;\">Informa\u0163iile despre organizarea cursurilor de preg\u0103tire profesional\u0103 \u015fi despre Calendarul cursurilor le pute\u0163i g\u0103si prin contactarea <a href=\"http:\/\/ceccar.ro\/ro\/?page_id=455\" target=\"_blank\" rel=\"noopener\">filialelor CECCAR<\/a>.<\/p><\/td><td align=\"left\" valign=\"top\"><a href=\"http:\/\/ceccar.ro\/ro\/wp-content\/uploads\/2011\/09\/Coperta-PNDPC-2015.bmp\"><img loading=\"lazy\" decoding=\"async\" class=\"aligncenter size-full wp-image-5256\" title=\"Coperta PNDPC 2015\" src=\"http:\/\/ceccar.ro\/ro\/wp-content\/uploads\/2011\/09\/Coperta-PNDPC-2015.bmp\" alt=\"\" width=\"310\" height=\"448\" \/><\/a><\/td><\/tr><\/tbody><\/table>\t\t\t\t\t\t\t<\/div>\n\t\t\t\t\t\t<div id=\"tab-cont-435841a89aa1e8b5e1a52a967d0eb145-3\"\n\t\t\t     class=\"tab-pane fade \">\n\t\t\t\t\n\t\t\t\t\t\t\t\t\t<p style=\"text-align: center;\"><strong>CURSURI DE PREG\u0102TIRE PROFESIONAL\u0102<\/strong><br \/><strong>PERIOADA 09 DECEMBRIE - 23 DECEMBRIE 2019<\/strong><\/p><p><strong>CONTABILITATE\/FISCALITATE\/IFRS\/AUDIT\/DREPT\/MARKETING\/EXPERTIZA CONTABILA<\/strong><\/p><p>Pentru completarea formularului de \u00eenscriere \u0219i transmiterea acestuia, v\u0103 rug\u0103m s\u0103 accesa\u021bi butonul (click aici) din lista de mai jos, \u00een func\u021bie de perioada \u0219i de sala unde dori\u021bi s\u0103 participa\u021bi:<\/p><p><strong>09.12.2019 - 12.12.2019 <\/strong><strong>Amfiteatrul Trancu Ia<\/strong><strong>\u0219i CECCAR Filiala Bucure\u0219ti\u00a0 -\u00a0 <a href=\"https:\/\/docs.google.com\/forms\/d\/1VtfnOr-D1MLydfm1Nnjpp_fTMNaLqHR7GRnA2NoXbGk\/edit\">click aici<\/a><\/strong><\/p><p><strong>09.12.2019 - 12.12.2019 Sala Spiridon Iacobescu CECCAR Aparatul Central - \u00a0<a href=\"https:\/\/docs.google.com\/forms\/d\/12ocwJNBYiG2RB6zYxcMQLCH2OjEMDxyCQRtIixdfV_Q\/edit\">click aici<\/a><\/strong><\/p><p><strong>16.12.2019 - 19.12.2019 <\/strong><strong>Amfiteatrul Trancu Ia<\/strong><strong>\u0219i CECCAR Filiala Bucure\u0219ti\u00a0 -\u00a0 <a href=\"https:\/\/docs.google.com\/forms\/d\/1LDQf2glJ0L_2RL66N56ytWnVG714cXHaTKTOl1KTBKI\/edit\">click aici<\/a><\/strong><\/p><p><strong>16.12.2019 - 19.12.2019 Sala Spiridon Iacobescu CECCAR Aparatul Central - \u00a0<a href=\"https:\/\/docs.google.com\/forms\/d\/1Cbn0x9T5vwTwFHYg6fgZEKz1wYBufc6JEm_UmXIZ5p8\/edit\">click aici<\/a><\/strong><\/p><p><strong>20.12.2019 - 23.12.2019 <\/strong><strong>Amfiteatrul Trancu Ia<\/strong><strong>\u0219i CECCAR Filiala Bucure\u0219ti\u00a0 -\u00a0 <a href=\"https:\/\/docs.google.com\/forms\/d\/1u__GosxJHIyRIFPLKYh7535_TJh-jPL5ukbZp8fpn1A\/edit\">click aici<\/a><\/strong><\/p><p><strong>20.12.2019 - 23.12.2019 Sala Spiridon Iacobescu CECCAR Aparatul Central - \u00a0<a href=\"https:\/\/docs.google.com\/forms\/d\/1D_Av7wwSrzl2NajyWO9NbCfe9hMv5dSeLrMHInlAZDI\/edit\">click aici<\/a><\/strong><\/p><p><u><strong>Nota:<\/strong><\/u> <strong> Cursurile care sunt programate \u00een zilele de Luni - Vineri vor \u00eencepe la orele 16:30, iar cele care sunt programate \u00een zilele de S\u00e2mb\u0103t\u0103 - Duminic\u0103 vor \u00eencepe la orele 09:30.<\/strong><\/p><p>\u00cen vederea particip\u0103rii la preg\u0103tirea profesional\u0103 anual\u0103 obligatorie, v\u0103 supunem aten\u021biei urm\u0103toarele aspecte:<\/p><p>Accesul \u00een sala de curs se va permite doar membrilor care au efectuat \u00eenscrierea prin intermediul formularului on-line. Persoanele care intr\u0103 la curs far\u0103 a fi \u00eenscrise, nu vor avea posibilitatea s\u0103 sus\u021bin\u0103 testul \u0219i s\u0103 semneze prezen\u021ba.<\/p><p>Prezen\u021ba se realizeaz\u0103 \u00een baza actului de identitate sau a carnetului de membru. Persoanele care refuz\u0103 s\u0103 se legitimeze, nu vor avea acces \u00een sal\u0103.<\/p><p>Fiecare test trebuie s\u0103 con\u021bin\u0103 \u00een mod obligatoriu semn\u0103tura, numele \u0219i num\u0103rul de carnet.<\/p><p>Persoanele care se \u00eenscriu la un curs \u0219i ulterior nu se prezint\u0103, \u00een cazul \u00een care nu anun\u021b\u0103 \u00een scris, motivat, cu minim 24 ore \u00eenainte de \u00eenceperea cursului, \u00ee\u0219i asum\u0103 responsabilitatea consecin\u021belor ulterioare.<\/p>\t\t\t\t\t\t\t<\/div>\n\t\t\t\t\t\t<div id=\"tab-cont-435841a89aa1e8b5e1a52a967d0eb145-4\"\n\t\t\t     class=\"tab-pane fade \">\n\t\t\t\t\n\t\t\t\t\t\t\t\t\t<p>Referitor la preg\u0103tirea profesional\u0103 anual\u0103 necesar\u0103 ob\u021binerii vizei de exercitare a profesiei \u00een anul 2019, v\u0103 comunic\u0103m c\u0103 <u>to\u021bi membrii<\/u> trebuie s\u0103 parcurg\u0103 orele de formare profesional\u0103 pentru anul 2018 (40 ore\/an).<\/p><ul><li>Membrii activi ai CECCAR care au efectuat orele de preg\u0103tire profesional\u0103 ca membrii activi ai Camerei Auditorilor Financiari din Rom\u00e2nia (CAFR), <u>pot beneficia<\/u> de echivalarea unui num\u0103r de maxim 16 ore preg\u0103tire profesional\u0103, urm\u00e2nd ca diferen\u021ba de 24 ore s\u0103 se efectueze \u00een cadrul CECCAR;<\/li><li>Membrii activi ai CECCAR care au efectuat orele de preg\u0103tire profesional\u0103 ca membrii activi ai Camerei Consultan\u021bilor Fiscali (CCF), <u>pot beneficia<\/u> de echivalarea unui num\u0103r de maxim 10 ore preg\u0103tire profesional\u0103, urm\u00e2nd ca diferen\u021ba de 30 ore s\u0103 se efectueze \u00een cadrul CECCAR;<\/li><li>Membrii CECCAR care au efectuat \u00een anul 2018 ore de preg\u0103tire profesional\u0103 ca membrii ai Association of Chartered Certified Accountants (ACCA), <u>nu pot beneficia<\/u> de echivalarea acestora \u00een vederea ob\u021binerii vizei de exercitare a profesiei pentru anul 2019, \u00een acest sens fiind necesar\u0103 parcurgerea orelor de preg\u0103tire profesional\u0103 \u00een cadrul CECCAR.<\/li><\/ul>\t\t\t\t\t\t\t<\/div>\n\t\t\t\t<\/div>\n<\/div><div class=\"fw-divider-space space-sm  clearfix\"  ><\/div>\t\t<\/div>\n\t<\/div>\n<\/div><\/div>\n\n\t<\/div>\n\t<\/section>\n","protected":false},"excerpt":{"rendered":"<p>Dezvoltare profesionala Informa\u0163ii utile Programul Na\u0163ional de Dezvoltare Profesional\u0103 Continu\u0103 Calendar cursuri, seminarii, \u00eentruniri profesionale Echivalare ore preg\u0103tire profesional\u0103 Potrivit Metodologiei de acordare a vizei anuale pentru exercitarea profesiei, forma actualizat\u0103 cu modific\u0103rile aprobate de plenul Conferin\u0163ei Na\u0163ionale din 30 martie 2019, art.3 lit g) \u201dViza anual\u0103 pentru exercitarea profesiei de c\u0103tre exper\u021bii contabili \u015fi [&hellip;]<\/p>\n","protected":false},"author":1,"featured_media":0,"parent":310,"menu_order":0,"comment_status":"closed","ping_status":"closed","template":"visual-builder-template.php","meta":{"footnotes":""},"class_list":["post-314","page","type-page","status-publish","hentry"],"brizy_media":[],"_links":{"self":[{"href":"https:\/\/ceccarbuzau.ro\/ro\/wp-json\/wp\/v2\/pages\/314","targetHints":{"allow":["GET"]}}],"collection":[{"href":"https:\/\/ceccarbuzau.ro\/ro\/wp-json\/wp\/v2\/pages"}],"about":[{"href":"https:\/\/ceccarbuzau.ro\/ro\/wp-json\/wp\/v2\/types\/page"}],"author":[{"embeddable":true,"href":"https:\/\/ceccarbuzau.ro\/ro\/wp-json\/wp\/v2\/users\/1"}],"replies":[{"embeddable":true,"href":"https:\/\/ceccarbuzau.ro\/ro\/wp-json\/wp\/v2\/comments?post=314"}],"version-history":[{"count":30,"href":"https:\/\/ceccarbuzau.ro\/ro\/wp-json\/wp\/v2\/pages\/314\/revisions"}],"predecessor-version":[{"id":1765,"href":"https:\/\/ceccarbuzau.ro\/ro\/wp-json\/wp\/v2\/pages\/314\/revisions\/1765"}],"up":[{"embeddable":true,"href":"https:\/\/ceccarbuzau.ro\/ro\/wp-json\/wp\/v2\/pages\/310"}],"wp:attachment":[{"href":"https:\/\/ceccarbuzau.ro\/ro\/wp-json\/wp\/v2\/media?parent=314"}],"curies":[{"name":"wp","href":"https:\/\/api.w.org\/{rel}","templated":true}]}}