{"id":385,"date":"2017-10-30T10:46:37","date_gmt":"2017-10-30T08:46:37","guid":{"rendered":"https:\/\/ceccararad.ro\/ro\/?page_id=385"},"modified":"2025-02-03T15:50:19","modified_gmt":"2025-02-03T13:50:19","slug":"hotarari-si-decizii","status":"publish","type":"page","link":"https:\/\/ceccarbuzau.ro\/ro\/legislatie\/reglementari-ceccar\/hotarari-si-decizii\/","title":{"rendered":"Hot\u0103r\u00e2ri \u0219i decizii"},"content":{"rendered":"<section   class=\"fw-main-row  auto  fw-section-position-back\"    >\n\t\t\t<div class=\"fw-container\" >\n\t\t<div class=\"fw-row\">\n\t<div id=\"column-69e022947a48c\" class=\"fw-col-sm-12 tf-sh-4bf7de7076824fb4c351a6d1039d0743\" >\n\t<div class=\"fw-wrap-col-inner clearfix  \"   >\n\t\t\t\t<div class=\"fw-col-inner\">\n\t\t\t<div class=\"fw-text-box tf-sh-b4a496c23a94b122350f1c9e2210e50c \" >\n\t<div class=\"fw-text-inner\">\n\t\t<p><strong>Hot\u0103r\u00e2ri \u0219i decizii<\/strong><\/p>\n\t<\/div>\n<\/div><div class=\"fw-divider-space space-sm  clearfix\"  ><\/div><div class=\"fw-text-box tf-sh-74ab3c7e39036c2e27574b73c93e1d32 \" >\n\t<div class=\"fw-text-inner\">\n\t\t<ul>\n<li><a href=\"https:\/\/ceccarbuzau.ro\/ro\/wp-content\/uploads\/2025\/02\/Sistemul-de-cotizatii-al-CECCAR-cu-modif.-aprob-prin-HCN-nr-210-din-08.04.2024-aplicabil-cu-2025.pdf\" target=\"_blank\" rel=\"noopener\">Sistemul-de-cotizatii-al-CECCAR-cu-modif. aprob prin-HCN-nr-210-din-08.04.2024-aplicabil-cu-2025<\/a><\/li>\n<li><a href=\"https:\/\/ceccarbuzau.ro\/ro\/wp-content\/uploads\/2025\/02\/Metodologia-de-acordare-a-vizei-anuale-pentru-exercitarea-profesiei-cu-modificari-aprobate-2024-.pdf\" target=\"_blank\" rel=\"noopener\">Metodologia-de-acordare-a-vizei-anuale-pentru-exercitarea-profesiei-cu-modificari-aprobate-2024-<\/a><br \/><a href=\"https:\/\/ceccarbuzau.ro\/ro\/wp-content\/uploads\/2023\/07\/HCS19-506.pdf\">HCS19 506<\/a><\/li>\n<li><a href=\"https:\/\/ceccarbuzau.ro\/ro\/wp-content\/uploads\/2023\/07\/HCS23-741.pdf\">HCS23 741<\/a><\/li>\n<li><a href=\"https:\/\/ceccarbuzau.ro\/ro\/wp-content\/uploads\/2019\/10\/Metodolog_stabilire-cotizatii-membru.pdf\">Metodologia de stabilire a cotiza\u021biilor de membru<\/a><\/li>\n<li><a href=\"https:\/\/ceccarbuzau.ro\/ro\/wp-content\/uploads\/2019\/11\/Norme-deontologice-referitoare-la-membrii-Corpului-persoane-juridice.pdf\">Norme deontologice nr. 3334\/17.03.2003 referitoare la membrii Corpului persoane juridice<\/a><\/li>\n<li><a href=\"http:\/\/ceccar.ro\/ro\/?page_id=15116\">Legea contabilit\u0103\u0163ii nr. 82\/1991<\/a><\/li>\n<\/ul>\n<p><strong>I N F O R M A R E\u00a0 MODIFICARE TAX\u0102 DE RE\u00ceNSCRIERE \u00ceN TABLOUL CECCAR<\/strong><\/p>\n<p>Prin Hot\u0103r\u00e2rea nr. 741 din data de 18.06.2023, Consiliul superior al CECCAR a stabilit c\u0103 \u201cpentru membrii radia\u021bi \u0219i pentru membrii care au solicitat \u00eencetarea de a mai face parte din Corp \u0219i doresc s\u0103 ob\u021bin\u0103 \u00eenscrierea \u00een Tabloul Corpului, dar nu mai t\u00e2rziu de 3 ani de la data renun\u0163\u0103rii la calitatea de expert contabil sau contabil autorizat ori a radierii din Tablou \u015fi c\u00e2nd sunt \u00eendeplinite condi\u0163iile necesare stabilite de Regulamentul de organizare \u015fi func\u0163ionare a Corpului, tariful de<strong> \u00eenscriere este de 5000 de lei<\/strong>\u201d. Aceast\u0103 hot\u0103r\u00e2re va deveni aplicabil\u0103 <strong>\u00eencep\u00e2nd cu data de 01.08.2023.<\/strong><\/p>\n<p><u>P\u00e2n\u0103 la data de 01.08.2023<\/u> tariful pentru re\u00eenscriere este de 20 euro pentru contabilii autoriza\u021bi \u0219i de 40 de euro pentru exper\u021bii contabili (plus sumele restante acolo unde este cazul).<\/p>\n<p>07.07.2023<\/p>\n\t<\/div>\n<\/div><div class=\"fw-divider-space space-sm  clearfix\"  ><\/div>\t\t<\/div>\n\t<\/div>\n<\/div><\/div>\n\n\t<\/div>\n\t<\/section>\n","protected":false},"excerpt":{"rendered":"<p>Hot\u0103r\u00e2ri \u0219i decizii Sistemul-de-cotizatii-al-CECCAR-cu-modif. aprob prin-HCN-nr-210-din-08.04.2024-aplicabil-cu-2025 Metodologia-de-acordare-a-vizei-anuale-pentru-exercitarea-profesiei-cu-modificari-aprobate-2024-HCS19 506 HCS23 741 Metodologia de stabilire a cotiza\u021biilor de membru Norme deontologice nr. 3334\/17.03.2003 referitoare la membrii Corpului persoane juridice Legea contabilit\u0103\u0163ii nr. 82\/1991 I N F O R M A R E\u00a0 MODIFICARE TAX\u0102 DE RE\u00ceNSCRIERE \u00ceN TABLOUL CECCAR Prin Hot\u0103r\u00e2rea nr. 741 din data de 18.06.2023, [&hellip;]<\/p>\n","protected":false},"author":1,"featured_media":0,"parent":347,"menu_order":0,"comment_status":"closed","ping_status":"closed","template":"visual-builder-template.php","meta":{"footnotes":""},"class_list":["post-385","page","type-page","status-publish","hentry"],"brizy_media":[],"_links":{"self":[{"href":"https:\/\/ceccarbuzau.ro\/ro\/wp-json\/wp\/v2\/pages\/385","targetHints":{"allow":["GET"]}}],"collection":[{"href":"https:\/\/ceccarbuzau.ro\/ro\/wp-json\/wp\/v2\/pages"}],"about":[{"href":"https:\/\/ceccarbuzau.ro\/ro\/wp-json\/wp\/v2\/types\/page"}],"author":[{"embeddable":true,"href":"https:\/\/ceccarbuzau.ro\/ro\/wp-json\/wp\/v2\/users\/1"}],"replies":[{"embeddable":true,"href":"https:\/\/ceccarbuzau.ro\/ro\/wp-json\/wp\/v2\/comments?post=385"}],"version-history":[{"count":9,"href":"https:\/\/ceccarbuzau.ro\/ro\/wp-json\/wp\/v2\/pages\/385\/revisions"}],"predecessor-version":[{"id":10554,"href":"https:\/\/ceccarbuzau.ro\/ro\/wp-json\/wp\/v2\/pages\/385\/revisions\/10554"}],"up":[{"embeddable":true,"href":"https:\/\/ceccarbuzau.ro\/ro\/wp-json\/wp\/v2\/pages\/347"}],"wp:attachment":[{"href":"https:\/\/ceccarbuzau.ro\/ro\/wp-json\/wp\/v2\/media?parent=385"}],"curies":[{"name":"wp","href":"https:\/\/api.w.org\/{rel}","templated":true}]}}